{"id":198,"date":"2020-09-23T20:29:33","date_gmt":"2020-09-23T20:29:33","guid":{"rendered":"https:\/\/smartax.al\/it\/?page_id=198"},"modified":"2020-09-26T16:36:50","modified_gmt":"2020-09-26T16:36:50","slug":"politica-sulla-riservatezza","status":"publish","type":"page","link":"https:\/\/smartax.al\/it\/politica-sulla-riservatezza\/","title":{"rendered":"Politica sulla Riservatezza"},"content":{"rendered":"<div id=\"tdi_1\" class=\"tdc-zone\"><div class=\"tdc_zone tdi_2  wpb_row td-pb-row\"  >\n<style scoped>\n\/* custom css - generated by TagDiv Composer *\/\n\n\/* custom css - generated by TagDiv Composer *\/\n.tdi_2{\r\n                    min-height: 0;\r\n                }\n<\/style><div id=\"tdi_3\" class=\"tdc-row\"><div class=\"vc_row tdi_4  wpb_row td-pb-row\" >\n<style scoped>\n\/* custom css - generated by TagDiv Composer *\/\n\n\/* custom css - generated by TagDiv Composer *\/\n.tdi_4,\r\n                .tdi_4 .tdc-columns{\r\n                    min-height: 0;\r\n                }.tdi_4,\r\n\t\t\t\t.tdi_4 .tdc-columns{\r\n\t\t\t\t    display: block;\r\n\t\t\t\t}.tdi_4 .tdc-columns{\r\n\t\t\t\t    width: 100%;\r\n\t\t\t\t}.tdi_4:before,\r\n\t\t\t\t.tdi_4:after{\r\n\t\t\t\t    display: table;\r\n\t\t\t\t}\n<\/style><div class=\"vc_column tdi_6  wpb_column vc_column_container tdc-column td-pb-span12\">\n<style scoped>\n\/* custom css - generated by TagDiv Composer *\/\n\n\/* custom css - generated by TagDiv Composer *\/\n.tdi_6{\r\n                    vertical-align: baseline;\r\n                }.tdi_6 > .wpb_wrapper,\r\n\t\t\t\t.tdi_6 > .wpb_wrapper > .tdc-elements{\r\n\t\t\t\t    display: block;\r\n\t\t\t\t}.tdi_6 > .wpb_wrapper > .tdc-elements{\r\n\t\t\t\t    width: 100%;\r\n\t\t\t\t}.tdi_6 > .wpb_wrapper > .vc_row_inner{\r\n\t\t\t\t    width: auto;\r\n\t\t\t\t}.tdi_6 > .wpb_wrapper{\r\n\t\t\t\t    width: auto;\r\n\t\t\t\t    height: auto;\r\n\t\t\t\t}\n<\/style><div class=\"wpb_wrapper\" ><div class=\"td_block_wrap td_block_text_with_title tdi_7 tagdiv-type td-pb-border-top td_block_template_1\"  data-td-block-uid=\"tdi_7\" >\n<style>\n\/* custom css - generated by TagDiv Composer *\/\n.td_block_text_with_title{\r\n                  margin-bottom: 44px;\r\n                  -webkit-transform: translateZ(0);\r\n                  transform: translateZ(0);\r\n                }.td_block_text_with_title p:last-child{\r\n                  margin-bottom: 0;\r\n                }\n<\/style><div class=\"td-block-title-wrap\"><\/div><div class=\"td_mod_wrap td-fix-index\"><h3><strong>Politica sulla Riservatezza<\/strong><\/h3>\n<p>In SMARTAX comprendiamo l\u2019importanza delle vostre informazioni personali e ci impegniamo a mantenerle private. Come cliente SmarTAX, vogliamo garantire la vostra fiducia in noi come azienda.Tutti i nostri rapporti con le informazioni private sono conformi alla legge sulla privacy secondo la legislazione in vigore.<br \/>\nFaremo tutto quanto in nostro potere per mantenere riservate le informazioni che ci fornite.<br \/>\nNon saremo mai coinvolti nel fornire informazioni a nessuno per nessuno scopo.<br \/>\nCrediamo in voi; il cliente si \u00e8 affidato a noi con le informazioni ed \u00e8 una sua scelta di condividerle, non nostra.<br \/>\nSe incontriamo una situazione che riteniamo possa essere vantaggiosa per il cliente, vi contatteremo in modo che voi potete entrare in contatto con quell\u2019organizzazione, entit\u00e0, ecc. E non il contrario.<\/p>\n<p><strong>Uso responsabile delle informazioni<\/strong><\/p>\n<p>Qui a SMARTAX, non useremo le tue informazioni personali per scopi non fiscali (o scopi non fiscali). I tuoi dati personali saranno trattati nel rispetto dell&#8217;accordo e della legislazione in vigore e non saranno divulgati a nessun altro individuo o organizzazione senza il tuo espresso consenso scritto.<\/p>\n<p><strong>Informazioni fiscali<\/strong><br \/>\nQuando si prepara o ci si presenta una dichiarazione dei redditi, le informazioni contenute nella dichiarazione dei redditi saranno trattate con grande cura, fiducia e professionalit\u00e0.<\/p>\n<p><strong>Terzi<\/strong><br \/>\nIl nostro sito si collega ad altri siti per fornire tutte le informazioni sulle tasse e altri servizi finanziari di cui potresti aver bisogno. Non divulgheremo mai la tua identificazione e le informazioni di contatto senza il tuo consenso, ad eccezione di quanto richiesto dalla legge.<br \/>\nSMARTAX non \u00e8 responsabile per le politiche sulla privacy o il contenuto di terze parti, ma insister\u00e0 affinch\u00e9 le terze parti pubblichino e mantengano le loro politiche sulla privacy.<\/p>\n<\/div><\/div><\/div><\/div><\/div><\/div><\/div><\/div>","protected":false},"excerpt":{"rendered":"","protected":false},"author":1,"featured_media":0,"parent":0,"menu_order":0,"comment_status":"closed","ping_status":"closed","template":"","meta":{"pagelayer_contact_templates":[],"_pagelayer_content":"","footnotes":""},"class_list":["post-198","page","type-page","status-publish"],"_links":{"self":[{"href":"https:\/\/smartax.al\/it\/wp-json\/wp\/v2\/pages\/198","targetHints":{"allow":["GET"]}}],"collection":[{"href":"https:\/\/smartax.al\/it\/wp-json\/wp\/v2\/pages"}],"about":[{"href":"https:\/\/smartax.al\/it\/wp-json\/wp\/v2\/types\/page"}],"author":[{"embeddable":true,"href":"https:\/\/smartax.al\/it\/wp-json\/wp\/v2\/users\/1"}],"replies":[{"embeddable":true,"href":"https:\/\/smartax.al\/it\/wp-json\/wp\/v2\/comments?post=198"}],"version-history":[{"count":4,"href":"https:\/\/smartax.al\/it\/wp-json\/wp\/v2\/pages\/198\/revisions"}],"predecessor-version":[{"id":292,"href":"https:\/\/smartax.al\/it\/wp-json\/wp\/v2\/pages\/198\/revisions\/292"}],"wp:attachment":[{"href":"https:\/\/smartax.al\/it\/wp-json\/wp\/v2\/media?parent=198"}],"curies":[{"name":"wp","href":"https:\/\/api.w.org\/{rel}","templated":true}]}}